{"id":138,"date":"2022-02-03T14:56:23","date_gmt":"2022-02-03T20:56:23","guid":{"rendered":"https:\/\/www.northwestpediatricdental.com\/?page_id=138"},"modified":"2024-05-10T14:38:21","modified_gmt":"2024-05-10T20:38:21","slug":"selladores-dentales","status":"publish","type":"page","link":"https:\/\/www.northwestpediatricdental.com\/es\/services\/preventive-dental-care\/sealants\/","title":{"rendered":"Selladores dentales"},"content":{"rendered":"<h2>Selladores dentales en Houston, TX<\/h2>\n<p>Los dientes posteriores, o molares, son propensos a desarrollar caries porque son dif\u00edciles de cepillar y limpiar con hilo dental, sobre todo para los ni\u00f1os. Las caries en los molares pueden pasar desapercibidas hasta que se realiza un examen dental, a menos que causen dolor de muelas. Esta es otra raz\u00f3n por la que los padres deben llevar a <a href=\"https:\/\/www.northwestpediatricdental.com\/es\/servicios\/cuidado-dental-preventivo\/examenes-dentales-para-ninos\/\">sus hijos a las revisiones<\/a> y <a href=\"\/es\/servicios\/cuidado-dental-preventivo\/limpiezas-dentales-para-ninos\/\">limpiezas semestrales<\/a> que realizamos en Northwest Pediatric Dental. Si detectamos las caries en una fase temprana, su tratamiento es m\u00e1s f\u00e1cil, menos invasivo y menos costoso. El tratamiento precoz tambi\u00e9n evita que se desarrollen problemas dentales m\u00e1s graves.<\/p>\n<p>Los selladores dentales son una forma eficaz de combatir las caries en los molares de los ni\u00f1os. \u00a1El tratamiento es r\u00e1pido, c\u00f3modo, y los beneficios duran a\u00f1os!<\/p>\n<blockquote>\n<h5><em> <img loading=\"lazy\" decoding=\"async\" class=\"alignnone wp-image-3764\" src=\"https:\/\/www.northwestpediatricdental.com\/wp-content\/uploads\/2024\/08\/lightbulb.png\" alt=\"\" width=\"35\" height=\"35\" \/>\u00bfSAB\u00cdAS QU\u00c9? <\/em><\/h5>\n<p> La mayor\u00eda de las caries se producen en la parte posterior de la boca, en los molares. Los selladores dentales previenen el 80% de las caries en los molares durante dos a\u00f1os (CDC). \u00a1Impresionante!<\/em><a href=\"https:\/\/www.cdc.gov\/oralhealth\/fast-facts\/dental-sealants\/index.html#:~:text=Dental%20sealants%20prevent%2080%25%20of,9%20in%2010%20cavities%20occur.\" target=\"_blank\" rel=\"noopener\"><em>CDC<\/em><\/a><em>). Impressive!<\/em><\/p><\/blockquote>\n<h2>Acerca de los selladores dentales<\/h2>\n<p>Colocamos selladores dentales en los molares permanentes aproximadamente a la mitad de los ni\u00f1os que tratamos. Los estudios demuestran que los ni\u00f1os con selladores dentales padecen menos dolores de muelas, faltan menos al colegio por problemas dentales y en general tienen menos caries. Los ni\u00f1os sin selladores dentales sufren tres veces m\u00e1s caries que los que tienen selladores.<\/p>\n<p>Nuestro equipo puede colocar selladores en los molares en cuanto salen los dientes, pero antes de que se desarrollen las caries. Los primeros molares, llamados molares de los 6 a\u00f1os, suelen llegar al ni\u00f1o entre los cinco y los siete a\u00f1os. Los segundos molares surgen entre los once y los catorce a\u00f1os, y los llamamos molares de los 12 a\u00f1os.<\/p>\n<p>Los selladores dentales se utilizan desde la d\u00e9cada de los 70. Est\u00e1n hechos de resina o ion\u00f3mero de vidrio, creando un revestimiento similar al pl\u00e1stico que pintamos sobre los molares limpios. Una vez que el l\u00edquido se endurece, proporciona una barrera f\u00edsica contra la erosi\u00f3n \u00e1cida, la caries dental y cualquier complicaci\u00f3n resultante.<\/p>\n<p>Aunque est\u00e1 demostrado que los selladores dentales pueden durar m\u00e1s de nueve a\u00f1os, es posible que haya que cambiarlos si se estropean o se caen. Si esto ocurre, lo detectaremos durante el examen semestral y sustituiremos los selladores en la misma visita.<\/p>\n<h2>\u00bfMi hijo necesita selladores dentales?<\/h2>\n<p>Todos los padres quieren que sus hijos tengan los dientes bien sanos, y los selladores son un m\u00e9todo de eficacia probada para evitar las caries en las muelas.<\/p>\n<p>Aconsejamos colocar selladores dentales en los molares en cuanto salgan. En la visita de revisi\u00f3n y limpieza dental de tu hijo te explicaremos las ventajas de los selladores dentales y responderemos a todas tus preguntas.<\/p>\n<h2>C\u00f3mo se aplican los selladores<\/h2>\n<p>El proceso de aplicaci\u00f3n de los selladores no causa dolor ni molestias y dura poco tiempo. Consta de los siguientes pasos:<\/p>\n<ol>\n<li>Limpieza del diente<\/li>\n<li>Se aplica un gel especial en la superficie de masticaci\u00f3n<\/li>\n<li>Aclaraci\u00f3n y secado del diente<\/li>\n<li>Se aplica el sellador transparente o del color del diente<\/li>\n<li>Curaci\u00f3n del sellador mediante una l\u00e1mpara especial o aire<\/li>\n<\/ol>\n<h2>Prevenci\u00f3n de la caries dental infantil mediante selladores dentales<\/h2>\n<p>\u00bfTu hijo ya usa selladores dentales? Si no es as\u00ed, ponte en contacto con nuestra cl\u00ednica dental infantil de Houston y concierta una cita para realizar este tratamiento no invasivo. \u00a1Estaremos encantados de atenderte!<\/p>","protected":false},"excerpt":{"rendered":"<p>Los selladores dentales son una herramienta fant\u00e1stica para prevenir la caries. Los Centros para el Control y la Prevenci\u00f3n de Enfermedades indican que los selladores dentales previenen el 80% de las caries en los molares durante 24 meses, y luego previenen el 50% de las caries durante los dos a\u00f1os siguientes. \u00a1Son unas cifras impresionantes! <\/p>","protected":false},"author":2,"featured_media":3557,"parent":3407,"menu_order":0,"comment_status":"closed","ping_status":"closed","template":"","meta":{"_et_pb_use_builder":"","_et_pb_old_content":"","_et_gb_content_width":"","_monsterinsights_skip_tracking":false,"_monsterinsights_sitenote_active":false,"_monsterinsights_sitenote_note":"","_monsterinsights_sitenote_category":0,"footnotes":""},"class_list":["post-138","page","type-page","status-publish","has-post-thumbnail","hentry"],"aioseo_notices":[],"aioseo_head":"\n\t\t<!-- All in One SEO Pro 4.9.5.2 - aioseo.com -->\n\t<meta name=\"description\" content=\"Dental sealants help prevent tooth decay in your child. Contact our Houston office today to schedule an appointment for your child!\" \/>\n\t<meta name=\"robots\" content=\"max-image-preview:large\" \/>\n\t<meta name=\"google-site-verification\" content=\"tdHGrCRlrYHcIsSGXmv67bbNuEgjXfRCVT-rHzXWc60\" \/>\n\t<link rel=\"canonical\" href=\"https:\/\/www.northwestpediatricdental.com\/es\/services\/preventive-dental-care\/sealants\/\" \/>\n\t<meta name=\"generator\" content=\"All in One SEO Pro (AIOSEO) 4.9.5.2\" \/>\n\t\t<meta property=\"og:locale\" content=\"es_MX\" \/>\n\t\t<meta property=\"og:site_name\" content=\"Northwest Pediatric Dental | Our dental office is devoted to serving our community and ensuring everyone has affordable access to dental care. We have several payment options available in addition to dental insurance, including Medicaid and CareCredit.\" \/>\n\t\t<meta property=\"og:type\" content=\"company\" \/>\n\t\t<meta property=\"og:title\" content=\"Sealants in Houston | Northwest Pediatric Dental\" \/>\n\t\t<meta property=\"og:description\" content=\"Dental sealants help prevent tooth decay in your child. Contact our Houston office today to schedule an appointment for your child!\" \/>\n\t\t<meta property=\"og:url\" content=\"https:\/\/www.northwestpediatricdental.com\/es\/services\/preventive-dental-care\/sealants\/\" \/>\n\t\t<meta property=\"og:image\" content=\"https:\/\/www.northwestpediatricdental.com\/wp-content\/uploads\/2024\/05\/SonandMotherLaughing.jpg\" \/>\n\t\t<meta property=\"og:image:secure_url\" content=\"https:\/\/www.northwestpediatricdental.com\/wp-content\/uploads\/2024\/05\/SonandMotherLaughing.jpg\" \/>\n\t\t<meta property=\"og:image:width\" content=\"600\" \/>\n\t\t<meta property=\"og:image:height\" content=\"600\" \/>\n\t\t<meta name=\"twitter:card\" content=\"summary_large_image\" \/>\n\t\t<meta name=\"twitter:title\" content=\"Sealants in Houston | Northwest Pediatric Dental\" \/>\n\t\t<meta name=\"twitter:description\" content=\"Dental sealants help prevent tooth decay in your child. Contact our Houston office today to schedule an appointment for your child!\" \/>\n\t\t<meta name=\"twitter:image\" content=\"https:\/\/www.northwestpediatricdental.com\/wp-content\/uploads\/2024\/08\/resized-northwest-pediatric-logo.webp\" \/>\n\t\t<script type=\"application\/ld+json\" class=\"aioseo-schema\">\n\t\t\t{\"@context\":\"https:\\\/\\\/schema.org\",\"@graph\":[{\"@type\":\"BreadcrumbList\",\"@id\":\"https:\\\/\\\/www.northwestpediatricdental.com\\\/es\\\/services\\\/preventive-dental-care\\\/sealants\\\/#breadcrumblist\",\"itemListElement\":[{\"@type\":\"ListItem\",\"@id\":\"https:\\\/\\\/www.northwestpediatricdental.com\\\/es#listItem\",\"position\":1,\"name\":\"Home\",\"item\":\"https:\\\/\\\/www.northwestpediatricdental.com\\\/es\",\"nextItem\":{\"@type\":\"ListItem\",\"@id\":\"https:\\\/\\\/www.northwestpediatricdental.com\\\/es\\\/services\\\/#listItem\",\"name\":\"Services\"}},{\"@type\":\"ListItem\",\"@id\":\"https:\\\/\\\/www.northwestpediatricdental.com\\\/es\\\/services\\\/#listItem\",\"position\":2,\"name\":\"Services\",\"item\":\"https:\\\/\\\/www.northwestpediatricdental.com\\\/es\\\/services\\\/\",\"nextItem\":{\"@type\":\"ListItem\",\"@id\":\"https:\\\/\\\/www.northwestpediatricdental.com\\\/es\\\/services\\\/preventive-dental-care\\\/#listItem\",\"name\":\"Preventive Dental Care\"},\"previousItem\":{\"@type\":\"ListItem\",\"@id\":\"https:\\\/\\\/www.northwestpediatricdental.com\\\/es#listItem\",\"name\":\"Home\"}},{\"@type\":\"ListItem\",\"@id\":\"https:\\\/\\\/www.northwestpediatricdental.com\\\/es\\\/services\\\/preventive-dental-care\\\/#listItem\",\"position\":3,\"name\":\"Preventive Dental Care\",\"item\":\"https:\\\/\\\/www.northwestpediatricdental.com\\\/es\\\/services\\\/preventive-dental-care\\\/\",\"nextItem\":{\"@type\":\"ListItem\",\"@id\":\"https:\\\/\\\/www.northwestpediatricdental.com\\\/es\\\/services\\\/preventive-dental-care\\\/sealants\\\/#listItem\",\"name\":\"Sealants\"},\"previousItem\":{\"@type\":\"ListItem\",\"@id\":\"https:\\\/\\\/www.northwestpediatricdental.com\\\/es\\\/services\\\/#listItem\",\"name\":\"Services\"}},{\"@type\":\"ListItem\",\"@id\":\"https:\\\/\\\/www.northwestpediatricdental.com\\\/es\\\/services\\\/preventive-dental-care\\\/sealants\\\/#listItem\",\"position\":4,\"name\":\"Sealants\",\"previousItem\":{\"@type\":\"ListItem\",\"@id\":\"https:\\\/\\\/www.northwestpediatricdental.com\\\/es\\\/services\\\/preventive-dental-care\\\/#listItem\",\"name\":\"Preventive Dental Care\"}}]},{\"@type\":\"Organization\",\"@id\":\"https:\\\/\\\/www.northwestpediatricdental.com\\\/es\\\/#organization\",\"name\":\"Northwest Pediatric Dental\",\"description\":\"Our dental office is devoted to serving our community and ensuring everyone has affordable access to dental care. We have several payment options available in addition to dental insurance, including Medicaid and CareCredit.\",\"url\":\"https:\\\/\\\/www.northwestpediatricdental.com\\\/es\\\/\",\"email\":\"redoakinfo@northwestpediatricdental.com\",\"telephone\":\"+12817849500\",\"logo\":{\"@type\":\"ImageObject\",\"url\":\"https:\\\/\\\/www.northwestpediatricdental.com\\\/wp-content\\\/uploads\\\/2024\\\/08\\\/resized-northwest-pediatric-logo.webp\",\"@id\":\"https:\\\/\\\/www.northwestpediatricdental.com\\\/es\\\/services\\\/preventive-dental-care\\\/sealants\\\/#organizationLogo\",\"width\":350,\"height\":83},\"image\":{\"@id\":\"https:\\\/\\\/www.northwestpediatricdental.com\\\/es\\\/services\\\/preventive-dental-care\\\/sealants\\\/#organizationLogo\"},\"sameAs\":[\"https:\\\/\\\/www.yelp.com\\\/biz\\\/northwest-pediatric-dental-houston-houston\"],\"address\":{\"@id\":\"https:\\\/\\\/www.northwestpediatricdental.com\\\/es\\\/#postaladdress\",\"@type\":\"PostalAddress\",\"streetAddress\":\"1125 Cypress Station Dr., Building F, Suite 3\",\"postalCode\":\"77090\",\"addressLocality\":\"Houston\",\"addressRegion\":\"Texas\",\"addressCountry\":\"US\"}},{\"@type\":\"WebPage\",\"@id\":\"https:\\\/\\\/www.northwestpediatricdental.com\\\/es\\\/services\\\/preventive-dental-care\\\/sealants\\\/#webpage\",\"url\":\"https:\\\/\\\/www.northwestpediatricdental.com\\\/es\\\/services\\\/preventive-dental-care\\\/sealants\\\/\",\"name\":\"Sealants in Houston | Northwest Pediatric Dental\",\"description\":\"Dental sealants help prevent tooth decay in your child. Contact our Houston office today to schedule an appointment for your child!\",\"inLanguage\":\"es-MX\",\"isPartOf\":{\"@id\":\"https:\\\/\\\/www.northwestpediatricdental.com\\\/es\\\/#website\"},\"breadcrumb\":{\"@id\":\"https:\\\/\\\/www.northwestpediatricdental.com\\\/es\\\/services\\\/preventive-dental-care\\\/sealants\\\/#breadcrumblist\"},\"image\":{\"@type\":\"ImageObject\",\"url\":\"https:\\\/\\\/www.northwestpediatricdental.com\\\/wp-content\\\/uploads\\\/2024\\\/05\\\/SonandMotherLaughing.jpg\",\"@id\":\"https:\\\/\\\/www.northwestpediatricdental.com\\\/es\\\/services\\\/preventive-dental-care\\\/sealants\\\/#mainImage\",\"width\":600,\"height\":600,\"caption\":\"Son and Mother Laughing Together\"},\"primaryImageOfPage\":{\"@id\":\"https:\\\/\\\/www.northwestpediatricdental.com\\\/es\\\/services\\\/preventive-dental-care\\\/sealants\\\/#mainImage\"},\"datePublished\":\"2022-02-03T14:56:23-06:00\",\"dateModified\":\"2024-05-10T14:38:21-06:00\"},{\"@type\":\"WebSite\",\"@id\":\"https:\\\/\\\/www.northwestpediatricdental.com\\\/es\\\/#website\",\"url\":\"https:\\\/\\\/www.northwestpediatricdental.com\\\/es\\\/\",\"name\":\"Northwest Pediatric Dental\",\"alternateName\":\"Northwest Pediatric Dental\",\"description\":\"Our dental office is devoted to serving our community and ensuring everyone has affordable access to dental care. We have several payment options available in addition to dental insurance, including Medicaid and CareCredit.\",\"inLanguage\":\"es-MX\",\"publisher\":{\"@id\":\"https:\\\/\\\/www.northwestpediatricdental.com\\\/es\\\/#organization\"}}]}\n\t\t<\/script>\n\t\t<!-- All in One SEO Pro -->\r\n\t\t<title>Sealants in Houston | Northwest Pediatric Dental<\/title>\n\n","aioseo_head_json":{"title":"Selladores dentales en Houston | Northwest Pediatric Dental","description":"Los selladores dentales ayudan a prevenir la caries dental en tu hijo. \u00a1Contacta hoy con nuestra cl\u00ednica de Houston para concertar una cita para tu hijo!","canonical_url":"https:\/\/www.northwestpediatricdental.com\/es\/services\/preventive-dental-care\/sealants\/","robots":"max-image-preview:large","keywords":"","webmasterTools":{"google-site-verification":"tdHGrCRlrYHcIsSGXmv67bbNuEgjXfRCVT-rHzXWc60","miscellaneous":""},"schema":{"@context":"https:\/\/schema.org","@graph":[{"@type":"BreadcrumbList","@id":"https:\/\/www.northwestpediatricdental.com\/es\/services\/preventive-dental-care\/sealants\/#breadcrumblist","itemListElement":[{"@type":"ListItem","@id":"https:\/\/www.northwestpediatricdental.com\/es#listItem","position":1,"name":"Home","item":"https:\/\/www.northwestpediatricdental.com\/es","nextItem":{"@type":"ListItem","@id":"https:\/\/www.northwestpediatricdental.com\/es\/services\/#listItem","name":"Services"}},{"@type":"ListItem","@id":"https:\/\/www.northwestpediatricdental.com\/es\/services\/#listItem","position":2,"name":"Services","item":"https:\/\/www.northwestpediatricdental.com\/es\/services\/","nextItem":{"@type":"ListItem","@id":"https:\/\/www.northwestpediatricdental.com\/es\/services\/preventive-dental-care\/#listItem","name":"Preventive Dental Care"},"previousItem":{"@type":"ListItem","@id":"https:\/\/www.northwestpediatricdental.com\/es#listItem","name":"Home"}},{"@type":"ListItem","@id":"https:\/\/www.northwestpediatricdental.com\/es\/services\/preventive-dental-care\/#listItem","position":3,"name":"Preventive Dental Care","item":"https:\/\/www.northwestpediatricdental.com\/es\/services\/preventive-dental-care\/","nextItem":{"@type":"ListItem","@id":"https:\/\/www.northwestpediatricdental.com\/es\/services\/preventive-dental-care\/sealants\/#listItem","name":"Sealants"},"previousItem":{"@type":"ListItem","@id":"https:\/\/www.northwestpediatricdental.com\/es\/services\/#listItem","name":"Services"}},{"@type":"ListItem","@id":"https:\/\/www.northwestpediatricdental.com\/es\/services\/preventive-dental-care\/sealants\/#listItem","position":4,"name":"Sealants","previousItem":{"@type":"ListItem","@id":"https:\/\/www.northwestpediatricdental.com\/es\/services\/preventive-dental-care\/#listItem","name":"Preventive Dental Care"}}]},{"@type":"Organization","@id":"https:\/\/www.northwestpediatricdental.com\/es\/#organization","name":"Northwest Pediatric Dental","description":"Our dental office is devoted to serving our community and ensuring everyone has affordable access to dental care. We have several payment options available in addition to dental insurance, including Medicaid and CareCredit.","url":"https:\/\/www.northwestpediatricdental.com\/es\/","email":"redoakinfo@northwestpediatricdental.com","telephone":"+12817849500","logo":{"@type":"ImageObject","url":"https:\/\/www.northwestpediatricdental.com\/wp-content\/uploads\/2024\/08\/resized-northwest-pediatric-logo.webp","@id":"https:\/\/www.northwestpediatricdental.com\/es\/services\/preventive-dental-care\/sealants\/#organizationLogo","width":350,"height":83},"image":{"@id":"https:\/\/www.northwestpediatricdental.com\/es\/services\/preventive-dental-care\/sealants\/#organizationLogo"},"sameAs":["https:\/\/www.yelp.com\/biz\/northwest-pediatric-dental-houston-houston"],"address":{"@id":"https:\/\/www.northwestpediatricdental.com\/es\/#postaladdress","@type":"PostalAddress","streetAddress":"1125 Cypress Station Dr., Building F, Suite 3","postalCode":"77090","addressLocality":"Houston","addressRegion":"Texas","addressCountry":"US"}},{"@type":"WebPage","@id":"https:\/\/www.northwestpediatricdental.com\/es\/services\/preventive-dental-care\/sealants\/#webpage","url":"https:\/\/www.northwestpediatricdental.com\/es\/services\/preventive-dental-care\/sealants\/","name":"Sealants in Houston | Northwest Pediatric Dental","description":"Dental sealants help prevent tooth decay in your child. Contact our Houston office today to schedule an appointment for your child!","inLanguage":"es-MX","isPartOf":{"@id":"https:\/\/www.northwestpediatricdental.com\/es\/#website"},"breadcrumb":{"@id":"https:\/\/www.northwestpediatricdental.com\/es\/services\/preventive-dental-care\/sealants\/#breadcrumblist"},"image":{"@type":"ImageObject","url":"https:\/\/www.northwestpediatricdental.com\/wp-content\/uploads\/2024\/05\/SonandMotherLaughing.jpg","@id":"https:\/\/www.northwestpediatricdental.com\/es\/services\/preventive-dental-care\/sealants\/#mainImage","width":600,"height":600,"caption":"Son and Mother Laughing Together"},"primaryImageOfPage":{"@id":"https:\/\/www.northwestpediatricdental.com\/es\/services\/preventive-dental-care\/sealants\/#mainImage"},"datePublished":"2022-02-03T14:56:23-06:00","dateModified":"2024-05-10T14:38:21-06:00"},{"@type":"WebSite","@id":"https:\/\/www.northwestpediatricdental.com\/es\/#website","url":"https:\/\/www.northwestpediatricdental.com\/es\/","name":"Northwest Pediatric Dental","alternateName":"Northwest Pediatric Dental","description":"Our dental office is devoted to serving our community and ensuring everyone has affordable access to dental care. We have several payment options available in addition to dental insurance, including Medicaid and CareCredit.","inLanguage":"es-MX","publisher":{"@id":"https:\/\/www.northwestpediatricdental.com\/es\/#organization"}}]},"og:locale":"es_MX","og:site_name":"Northwest Pediatric Dental | Our dental office is devoted to serving our community and ensuring everyone has affordable access to dental care. We have several payment options available in addition to dental insurance, including Medicaid and CareCredit.","og:type":"company","og:title":"Sealants in Houston | Northwest Pediatric Dental","og:description":"Dental sealants help prevent tooth decay in your child. Contact our Houston office today to schedule an appointment for your child!","og:url":"https:\/\/www.northwestpediatricdental.com\/es\/services\/preventive-dental-care\/sealants\/","og:image":"https:\/\/www.northwestpediatricdental.com\/wp-content\/uploads\/2024\/05\/SonandMotherLaughing.jpg","og:image:secure_url":"https:\/\/www.northwestpediatricdental.com\/wp-content\/uploads\/2024\/05\/SonandMotherLaughing.jpg","og:image:width":600,"og:image:height":600,"twitter:card":"summary_large_image","twitter:title":"Sealants in Houston | Northwest Pediatric Dental","twitter:description":"Dental sealants help prevent tooth decay in your child. Contact our Houston office today to schedule an appointment for your child!","twitter:image":"https:\/\/www.northwestpediatricdental.com\/wp-content\/uploads\/2024\/08\/resized-northwest-pediatric-logo.webp"},"aioseo_meta_data":{"post_id":"138","title":null,"description":null,"keywords":[],"keyphrases":{"focus":{"keyphrase":"Sealants","score":54,"analysis":{"keyphraseInTitle":{"score":9,"maxScore":9,"error":0},"keyphraseInDescription":{"score":3,"maxScore":9,"error":1},"keyphraseLength":{"score":9,"maxScore":9,"error":0,"length":1},"keyphraseInURL":{"score":5,"maxScore":5,"error":0},"keyphraseInIntroduction":{"score":3,"maxScore":9,"error":1},"keyphraseInSubHeadings":{"score":3,"maxScore":9,"error":1},"keyphraseInImageAlt":[],"keywordDensity":{"type":"high","score":0,"maxScore":9,"error":1}}},"additional":[]},"primary_term":null,"canonical_url":null,"og_title":null,"og_description":null,"og_object_type":"default","og_image_type":"default","og_image_url":null,"og_image_width":null,"og_image_height":null,"og_image_custom_url":null,"og_image_custom_fields":null,"og_video":"","og_custom_url":null,"og_article_section":null,"og_article_tags":[],"twitter_use_og":false,"twitter_card":"default","twitter_image_type":"default","twitter_image_url":null,"twitter_image_custom_url":null,"twitter_image_custom_fields":null,"twitter_title":null,"twitter_description":null,"schema":{"blockGraphs":[],"customGraphs":[],"default":{"data":{"Article":[],"Course":[],"Dataset":[],"FAQPage":[],"Movie":[],"Person":[],"Product":[],"ProductReview":[],"Car":[],"Recipe":[],"Service":[],"SoftwareApplication":[],"WebPage":{"id":"aioseo-web-page-63e5709bd2e0d","slug":"web-page","graphName":"WebPage","label":"Web Page","properties":{"type":"WebPage","name":"","description":""}}},"graphName":"WebPage","isEnabled":true},"graphs":[]},"schema_type":"default","schema_type_options":"{\"article\":{\"articleType\":\"BlogPosting\"},\"course\":{\"name\":\"\",\"description\":\"\",\"provider\":\"\"},\"faq\":{\"pages\":[]},\"product\":{\"reviews\":[]},\"recipe\":{\"ingredients\":[],\"instructions\":[],\"keywords\":[]},\"software\":{\"reviews\":[],\"operatingSystems\":[]},\"webPage\":{\"webPageType\":\"WebPage\"}}","pillar_content":false,"robots_default":true,"robots_noindex":false,"robots_noarchive":false,"robots_nosnippet":false,"robots_nofollow":false,"robots_noimageindex":false,"robots_noodp":false,"robots_notranslate":false,"robots_max_snippet":"-1","robots_max_videopreview":"-1","robots_max_imagepreview":"large","priority":null,"frequency":"default","local_seo":null,"seo_analyzer_scan_date":"2025-08-14 19:03:10","breadcrumb_settings":null,"limit_modified_date":false,"open_ai":"{\"title\":{\"suggestions\":[],\"usage\":0},\"description\":{\"suggestions\":[],\"usage\":0}}","ai":null,"created":"2022-02-03 20:56:23","updated":"2025-10-22 03:44:37"},"aioseo_breadcrumb":"<div class=\"aioseo-breadcrumbs\"><span class=\"aioseo-breadcrumb\">\n\t<a href=\"https:\/\/www.northwestpediatricdental.com\/es\" title=\"Home\">Home<\/a>\n<\/span><span class=\"aioseo-breadcrumb-separator\">&raquo;<\/span><span class=\"aioseo-breadcrumb\">\n\t<a href=\"https:\/\/www.northwestpediatricdental.com\/es\/services\/\" title=\"Services\">Services<\/a>\n<\/span><span class=\"aioseo-breadcrumb-separator\">&raquo;<\/span><span class=\"aioseo-breadcrumb\">\n\t<a href=\"https:\/\/www.northwestpediatricdental.com\/es\/services\/preventive-dental-care\/\" title=\"Preventive Dental Care\">Preventive Dental Care<\/a>\n<\/span><span class=\"aioseo-breadcrumb-separator\">&raquo;<\/span><span class=\"aioseo-breadcrumb\">\n\tSealants\n<\/span><\/div>","aioseo_breadcrumb_json":[{"label":"Home","link":"https:\/\/www.northwestpediatricdental.com\/es"},{"label":"Services","link":"https:\/\/www.northwestpediatricdental.com\/es\/services\/"},{"label":"Preventive Dental Care","link":"https:\/\/www.northwestpediatricdental.com\/es\/services\/preventive-dental-care\/"},{"label":"Sealants","link":"https:\/\/www.northwestpediatricdental.com\/es\/services\/preventive-dental-care\/sealants\/"}],"_links":{"self":[{"href":"https:\/\/www.northwestpediatricdental.com\/es\/wp-json\/wp\/v2\/pages\/138","targetHints":{"allow":["GET"]}}],"collection":[{"href":"https:\/\/www.northwestpediatricdental.com\/es\/wp-json\/wp\/v2\/pages"}],"about":[{"href":"https:\/\/www.northwestpediatricdental.com\/es\/wp-json\/wp\/v2\/types\/page"}],"author":[{"embeddable":true,"href":"https:\/\/www.northwestpediatricdental.com\/es\/wp-json\/wp\/v2\/users\/2"}],"replies":[{"embeddable":true,"href":"https:\/\/www.northwestpediatricdental.com\/es\/wp-json\/wp\/v2\/comments?post=138"}],"version-history":[{"count":0,"href":"https:\/\/www.northwestpediatricdental.com\/es\/wp-json\/wp\/v2\/pages\/138\/revisions"}],"up":[{"embeddable":true,"href":"https:\/\/www.northwestpediatricdental.com\/es\/wp-json\/wp\/v2\/pages\/3407"}],"wp:featuredmedia":[{"embeddable":true,"href":"https:\/\/www.northwestpediatricdental.com\/es\/wp-json\/wp\/v2\/media\/3557"}],"wp:attachment":[{"href":"https:\/\/www.northwestpediatricdental.com\/es\/wp-json\/wp\/v2\/media?parent=138"}],"curies":[{"name":"wp","href":"https:\/\/api.w.org\/{rel}","templated":true}]}}