{"id":244,"date":"2022-03-23T15:38:04","date_gmt":"2022-03-23T21:38:04","guid":{"rendered":"https:\/\/www.northwestpediatricdental.com\/?page_id=244"},"modified":"2024-05-06T15:32:36","modified_gmt":"2024-05-06T21:32:36","slug":"la-primera-visita-dental-de-tu-hijo","status":"publish","type":"page","link":"https:\/\/www.northwestpediatricdental.com\/es\/patients\/your-childs-first-visit\/","title":{"rendered":"La primera visita dental de tu hijo"},"content":{"rendered":"<h2>La primera visita dental de tu hijo en Houston, TX<\/h2>\n<p>Nuestro objetivo es hacer que las visitas dentales sean divertidas desde una edad muy temprana, para que tus peque\u00f1os crezcan gust\u00e1ndoles el dentista, las citas dentales y cuidando sus dientes en casa. \u00a1Creemos que los h\u00e1bitos saludables duran toda la vida! Se dice que los ni\u00f1os que crecen priorizando el cuidado dental tendr\u00e1n mejor salud oral y general que aquellos que no. Tambi\u00e9n es menos probable que desarrollen miedo, ansiedad o fobia dental.<\/p>\n<p>Esperamos que nuestros pacientes m\u00e1s peque\u00f1os se muevan y se quejen a veces, \u00a1as\u00ed que no te preocupes en absoluto! Todo nuestro equipo cl\u00ednico trabaja diariamente con ni\u00f1os de todas las edades. Amamos a los ni\u00f1os y siempre nos dirigiremos a ellos y a ti con el m\u00e1ximo respeto. Nuestro modelo Kidsperience ense\u00f1a a nuestro personal a tener en cuenta a los peque\u00f1os y a los cuidadores durante todo su cuidado dental.<\/p>\n<h2>Primera visita dental para infantes<\/h2>\n<p>Cuando el primer diente de tu beb\u00e9 emerja completamente, ll\u00e1manos para programar una visita. Varios padres argumentan que los dientes de leche se caer\u00e1n y no necesitan atenci\u00f3n; sin embargo, muchas respetadas organizaciones de salud infantil, incluyendo la Academia Americana de Odontolog\u00eda Pedi\u00e1trica (AAPD, por sus siglas en ingl\u00e9s) y la Asociaci\u00f3n Dental Americana (ADA, por sus siglas en ingl\u00e9s), apoyan la pr\u00e1ctica. \u00bfSab\u00edas que los dientes de leche pueden desarrollar caries y son susceptibles a la enfermedad de enc\u00edas?<\/p>\n<p>En esta cita, nuestro dentista infantil tomar\u00e1 unos momentos para inspeccionar la boca de tu peque\u00f1o, sus dientes y su desarrollo oral. Si nuestro dentista ve alguna preocupaci\u00f3n, explicar\u00e1 y te informar\u00e1 qu\u00e9 pasos seguir.<\/p>\n<p>Adem\u00e1s, proporcionamos a los padres consejos sobre qu\u00e9 productos de cuidado oral usar para varias edades de desarrollo y consejos para un cuidado en casa efectivo.<\/p>\n<h2>Primera visita dental para ni\u00f1os peque\u00f1os<\/h2>\n<p>Hablar con tu peque\u00f1o sobre las visitas dentales debe ser consistentemente positivo, alentador y motivador. \u00a1Al mantener una actitud positiva, tu peque\u00f1\u00edn se sentir\u00e1 confiado al entrar a nuestro consultorio y subirse a la silla dental!<\/p>\n<p>Nuestro dentista tomar\u00e1 tiempo para evaluar la salud oral completa de tu hijo: su mordida, enc\u00edas, dientes, tejidos orales blandos y mand\u00edbula. Una vez que el ni\u00f1o tenga la edad suficiente para quedarse quieto durante una limpieza dental (alrededor de los cuatro o cinco a\u00f1os), agregaremos limpiezas a las citas de evaluaci\u00f3n.<\/p>\n<p>Despu\u00e9s de la evaluaci\u00f3n, nuestro dentista puede informarte si hay alguna preocupaci\u00f3n, como caries, problemas de desarrollo o anomal\u00edas a tratar. Nuestro equipo tambi\u00e9n puede aconsejarte sobre c\u00f3mo maximizar la rutina de cuidado oral diario en casa y qu\u00e9 productos ser\u00edan mejores para tu hijo.<\/p>\n<h2>La m\u00e1xima experiencia dental para ni\u00f1os o Kidsperience<\/h2>\n<p>Desde el momento en que t\u00fa y tu familia entran a nuestro consultorio, ver\u00e1s cu\u00e1nto amamos a los ni\u00f1os. Nuestro consultorio est\u00e1 decorado y dise\u00f1ado para hacer que los ni\u00f1os se sientan bienvenidos y felices. \u00a1Todos en nuestro equipo har\u00e1n contacto visual con tu peque\u00f1o y lo har\u00e1n sentir importante porque lo son!<\/p>\n<p>Contacta al Northwest Pediatric Dental hoy para programar un examen para las sonrisas m\u00e1s cercanas a tu coraz\u00f3n. \u00a1Esperamos ofrecer una incre\u00edble Kidsperience cada vez que te veamos!<\/p>","protected":false},"excerpt":{"rendered":"<p>En Northwest Pediatric Dental, no somos solo \u201cel dentista\u201d. Nos convertiremos en campeones de los pacientes cuidando la salud oral y general de tu peque\u00f1o durante toda su infancia.<\/p>","protected":false},"author":2,"featured_media":3566,"parent":74,"menu_order":0,"comment_status":"closed","ping_status":"closed","template":"","meta":{"_et_pb_use_builder":"off","_et_pb_old_content":"","_et_gb_content_width":"","_monsterinsights_skip_tracking":false,"_monsterinsights_sitenote_active":false,"_monsterinsights_sitenote_note":"","_monsterinsights_sitenote_category":0,"footnotes":""},"class_list":["post-244","page","type-page","status-publish","has-post-thumbnail","hentry"],"aioseo_notices":[],"aioseo_head":"\n\t\t<!-- All in One SEO Pro 4.9.5.2 - aioseo.com -->\n\t<meta name=\"description\" content=\"At a first dental visit, our children\u2019s dentist will make your child feel comfortable and welcome as we work together to create healthy oral habits that last a lifetime.\" \/>\n\t<meta name=\"robots\" content=\"max-image-preview:large\" \/>\n\t<meta name=\"google-site-verification\" content=\"tdHGrCRlrYHcIsSGXmv67bbNuEgjXfRCVT-rHzXWc60\" \/>\n\t<link rel=\"canonical\" href=\"https:\/\/www.northwestpediatricdental.com\/es\/patients\/your-childs-first-visit\/\" \/>\n\t<meta name=\"generator\" content=\"All in One SEO Pro (AIOSEO) 4.9.5.2\" \/>\n\t\t<meta property=\"og:locale\" content=\"es_MX\" \/>\n\t\t<meta property=\"og:site_name\" content=\"Northwest Pediatric Dental | Our dental office is devoted to serving our community and ensuring everyone has affordable access to dental care. We have several payment options available in addition to dental insurance, including Medicaid and CareCredit.\" \/>\n\t\t<meta property=\"og:type\" content=\"company\" \/>\n\t\t<meta property=\"og:title\" content=\"Your Child\u2019s First Visit | Northwest Pediatric Dental\" \/>\n\t\t<meta property=\"og:description\" content=\"At a first dental visit, our children\u2019s dentist will make your child feel comfortable and welcome as we work together to create healthy oral habits that last a lifetime.\" \/>\n\t\t<meta property=\"og:url\" content=\"https:\/\/www.northwestpediatricdental.com\/es\/patients\/your-childs-first-visit\/\" \/>\n\t\t<meta property=\"og:image\" content=\"https:\/\/www.northwestpediatricdental.com\/wp-content\/uploads\/2024\/05\/MotherDaughterandChildinGrass.jpg\" \/>\n\t\t<meta property=\"og:image:secure_url\" content=\"https:\/\/www.northwestpediatricdental.com\/wp-content\/uploads\/2024\/05\/MotherDaughterandChildinGrass.jpg\" \/>\n\t\t<meta property=\"og:image:width\" content=\"600\" \/>\n\t\t<meta property=\"og:image:height\" content=\"600\" \/>\n\t\t<meta name=\"twitter:card\" content=\"summary_large_image\" \/>\n\t\t<meta name=\"twitter:title\" content=\"Your Child\u2019s First Visit | Northwest Pediatric Dental\" \/>\n\t\t<meta name=\"twitter:description\" content=\"At a first dental visit, our children\u2019s dentist will make your child feel comfortable and welcome as we work together to create healthy oral habits that last a lifetime.\" \/>\n\t\t<meta name=\"twitter:image\" content=\"https:\/\/www.northwestpediatricdental.com\/wp-content\/uploads\/2024\/08\/resized-northwest-pediatric-logo.webp\" \/>\n\t\t<script type=\"application\/ld+json\" class=\"aioseo-schema\">\n\t\t\t{\"@context\":\"https:\\\/\\\/schema.org\",\"@graph\":[{\"@type\":\"BreadcrumbList\",\"@id\":\"https:\\\/\\\/www.northwestpediatricdental.com\\\/es\\\/patients\\\/your-childs-first-visit\\\/#breadcrumblist\",\"itemListElement\":[{\"@type\":\"ListItem\",\"@id\":\"https:\\\/\\\/www.northwestpediatricdental.com\\\/es#listItem\",\"position\":1,\"name\":\"Home\",\"item\":\"https:\\\/\\\/www.northwestpediatricdental.com\\\/es\",\"nextItem\":{\"@type\":\"ListItem\",\"@id\":\"https:\\\/\\\/www.northwestpediatricdental.com\\\/es\\\/patients\\\/#listItem\",\"name\":\"Patients\"}},{\"@type\":\"ListItem\",\"@id\":\"https:\\\/\\\/www.northwestpediatricdental.com\\\/es\\\/patients\\\/#listItem\",\"position\":2,\"name\":\"Patients\",\"item\":\"https:\\\/\\\/www.northwestpediatricdental.com\\\/es\\\/patients\\\/\",\"nextItem\":{\"@type\":\"ListItem\",\"@id\":\"https:\\\/\\\/www.northwestpediatricdental.com\\\/es\\\/patients\\\/your-childs-first-visit\\\/#listItem\",\"name\":\"Your Child&#8217;s First Visit\"},\"previousItem\":{\"@type\":\"ListItem\",\"@id\":\"https:\\\/\\\/www.northwestpediatricdental.com\\\/es#listItem\",\"name\":\"Home\"}},{\"@type\":\"ListItem\",\"@id\":\"https:\\\/\\\/www.northwestpediatricdental.com\\\/es\\\/patients\\\/your-childs-first-visit\\\/#listItem\",\"position\":3,\"name\":\"Your Child&#8217;s First Visit\",\"previousItem\":{\"@type\":\"ListItem\",\"@id\":\"https:\\\/\\\/www.northwestpediatricdental.com\\\/es\\\/patients\\\/#listItem\",\"name\":\"Patients\"}}]},{\"@type\":\"Organization\",\"@id\":\"https:\\\/\\\/www.northwestpediatricdental.com\\\/es\\\/#organization\",\"name\":\"Northwest Pediatric Dental\",\"description\":\"Our dental office is devoted to serving our community and ensuring everyone has affordable access to dental care. We have several payment options available in addition to dental insurance, including Medicaid and CareCredit.\",\"url\":\"https:\\\/\\\/www.northwestpediatricdental.com\\\/es\\\/\",\"email\":\"redoakinfo@northwestpediatricdental.com\",\"telephone\":\"+12817849500\",\"logo\":{\"@type\":\"ImageObject\",\"url\":\"https:\\\/\\\/www.northwestpediatricdental.com\\\/wp-content\\\/uploads\\\/2024\\\/08\\\/resized-northwest-pediatric-logo.webp\",\"@id\":\"https:\\\/\\\/www.northwestpediatricdental.com\\\/es\\\/patients\\\/your-childs-first-visit\\\/#organizationLogo\",\"width\":350,\"height\":83},\"image\":{\"@id\":\"https:\\\/\\\/www.northwestpediatricdental.com\\\/es\\\/patients\\\/your-childs-first-visit\\\/#organizationLogo\"},\"sameAs\":[\"https:\\\/\\\/www.yelp.com\\\/biz\\\/northwest-pediatric-dental-houston-houston\"],\"address\":{\"@id\":\"https:\\\/\\\/www.northwestpediatricdental.com\\\/es\\\/#postaladdress\",\"@type\":\"PostalAddress\",\"streetAddress\":\"1125 Cypress Station Dr., Building F, Suite 3\",\"postalCode\":\"77090\",\"addressLocality\":\"Houston\",\"addressRegion\":\"Texas\",\"addressCountry\":\"US\"}},{\"@type\":\"WebPage\",\"@id\":\"https:\\\/\\\/www.northwestpediatricdental.com\\\/es\\\/patients\\\/your-childs-first-visit\\\/#webpage\",\"url\":\"https:\\\/\\\/www.northwestpediatricdental.com\\\/es\\\/patients\\\/your-childs-first-visit\\\/\",\"name\":\"Your Child\\u2019s First Visit | Northwest Pediatric Dental\",\"description\":\"At a first dental visit, our children\\u2019s dentist will make your child feel comfortable and welcome as we work together to create healthy oral habits that last a lifetime.\",\"inLanguage\":\"es-MX\",\"isPartOf\":{\"@id\":\"https:\\\/\\\/www.northwestpediatricdental.com\\\/es\\\/#website\"},\"breadcrumb\":{\"@id\":\"https:\\\/\\\/www.northwestpediatricdental.com\\\/es\\\/patients\\\/your-childs-first-visit\\\/#breadcrumblist\"},\"image\":{\"@type\":\"ImageObject\",\"url\":\"https:\\\/\\\/www.northwestpediatricdental.com\\\/wp-content\\\/uploads\\\/2024\\\/05\\\/MotherDaughterandChildinGrass.jpg\",\"@id\":\"https:\\\/\\\/www.northwestpediatricdental.com\\\/es\\\/patients\\\/your-childs-first-visit\\\/#mainImage\",\"width\":600,\"height\":600,\"caption\":\"Family laying in the grass and smiling\"},\"primaryImageOfPage\":{\"@id\":\"https:\\\/\\\/www.northwestpediatricdental.com\\\/es\\\/patients\\\/your-childs-first-visit\\\/#mainImage\"},\"datePublished\":\"2022-03-23T15:38:04-06:00\",\"dateModified\":\"2024-05-06T15:32:36-06:00\"},{\"@type\":\"WebSite\",\"@id\":\"https:\\\/\\\/www.northwestpediatricdental.com\\\/es\\\/#website\",\"url\":\"https:\\\/\\\/www.northwestpediatricdental.com\\\/es\\\/\",\"name\":\"Northwest Pediatric Dental\",\"alternateName\":\"Northwest Pediatric Dental\",\"description\":\"Our dental office is devoted to serving our community and ensuring everyone has affordable access to dental care. We have several payment options available in addition to dental insurance, including Medicaid and CareCredit.\",\"inLanguage\":\"es-MX\",\"publisher\":{\"@id\":\"https:\\\/\\\/www.northwestpediatricdental.com\\\/es\\\/#organization\"}}]}\n\t\t<\/script>\n\t\t<!-- All in One SEO Pro -->\r\n\t\t<title>Your Child\u2019s First Visit | Northwest Pediatric Dental<\/title>\n\n","aioseo_head_json":{"title":"La primera visita dental de tu hijo en Houston | Northwest Pediatric Dental","description":"En una primera visita dental, nuestro dentista infantil har\u00e1 que tu hijo se sienta c\u00f3modo y bienvenido mientras trabajamos juntos para crear h\u00e1bitos orales saludables que duren toda la vida.","canonical_url":"https:\/\/www.northwestpediatricdental.com\/es\/patients\/your-childs-first-visit\/","robots":"max-image-preview:large","keywords":"","webmasterTools":{"google-site-verification":"tdHGrCRlrYHcIsSGXmv67bbNuEgjXfRCVT-rHzXWc60","miscellaneous":""},"schema":{"@context":"https:\/\/schema.org","@graph":[{"@type":"BreadcrumbList","@id":"https:\/\/www.northwestpediatricdental.com\/es\/patients\/your-childs-first-visit\/#breadcrumblist","itemListElement":[{"@type":"ListItem","@id":"https:\/\/www.northwestpediatricdental.com\/es#listItem","position":1,"name":"Home","item":"https:\/\/www.northwestpediatricdental.com\/es","nextItem":{"@type":"ListItem","@id":"https:\/\/www.northwestpediatricdental.com\/es\/patients\/#listItem","name":"Patients"}},{"@type":"ListItem","@id":"https:\/\/www.northwestpediatricdental.com\/es\/patients\/#listItem","position":2,"name":"Patients","item":"https:\/\/www.northwestpediatricdental.com\/es\/patients\/","nextItem":{"@type":"ListItem","@id":"https:\/\/www.northwestpediatricdental.com\/es\/patients\/your-childs-first-visit\/#listItem","name":"Your Child&#8217;s First Visit"},"previousItem":{"@type":"ListItem","@id":"https:\/\/www.northwestpediatricdental.com\/es#listItem","name":"Home"}},{"@type":"ListItem","@id":"https:\/\/www.northwestpediatricdental.com\/es\/patients\/your-childs-first-visit\/#listItem","position":3,"name":"Your Child&#8217;s First Visit","previousItem":{"@type":"ListItem","@id":"https:\/\/www.northwestpediatricdental.com\/es\/patients\/#listItem","name":"Patients"}}]},{"@type":"Organization","@id":"https:\/\/www.northwestpediatricdental.com\/es\/#organization","name":"Northwest Pediatric Dental","description":"Our dental office is devoted to serving our community and ensuring everyone has affordable access to dental care. We have several payment options available in addition to dental insurance, including Medicaid and CareCredit.","url":"https:\/\/www.northwestpediatricdental.com\/es\/","email":"redoakinfo@northwestpediatricdental.com","telephone":"+12817849500","logo":{"@type":"ImageObject","url":"https:\/\/www.northwestpediatricdental.com\/wp-content\/uploads\/2024\/08\/resized-northwest-pediatric-logo.webp","@id":"https:\/\/www.northwestpediatricdental.com\/es\/patients\/your-childs-first-visit\/#organizationLogo","width":350,"height":83},"image":{"@id":"https:\/\/www.northwestpediatricdental.com\/es\/patients\/your-childs-first-visit\/#organizationLogo"},"sameAs":["https:\/\/www.yelp.com\/biz\/northwest-pediatric-dental-houston-houston"],"address":{"@id":"https:\/\/www.northwestpediatricdental.com\/es\/#postaladdress","@type":"PostalAddress","streetAddress":"1125 Cypress Station Dr., Building F, Suite 3","postalCode":"77090","addressLocality":"Houston","addressRegion":"Texas","addressCountry":"US"}},{"@type":"WebPage","@id":"https:\/\/www.northwestpediatricdental.com\/es\/patients\/your-childs-first-visit\/#webpage","url":"https:\/\/www.northwestpediatricdental.com\/es\/patients\/your-childs-first-visit\/","name":"Your Child\u2019s First Visit | Northwest Pediatric Dental","description":"At a first dental visit, our children\u2019s dentist will make your child feel comfortable and welcome as we work together to create healthy oral habits that last a lifetime.","inLanguage":"es-MX","isPartOf":{"@id":"https:\/\/www.northwestpediatricdental.com\/es\/#website"},"breadcrumb":{"@id":"https:\/\/www.northwestpediatricdental.com\/es\/patients\/your-childs-first-visit\/#breadcrumblist"},"image":{"@type":"ImageObject","url":"https:\/\/www.northwestpediatricdental.com\/wp-content\/uploads\/2024\/05\/MotherDaughterandChildinGrass.jpg","@id":"https:\/\/www.northwestpediatricdental.com\/es\/patients\/your-childs-first-visit\/#mainImage","width":600,"height":600,"caption":"Family laying in the grass and smiling"},"primaryImageOfPage":{"@id":"https:\/\/www.northwestpediatricdental.com\/es\/patients\/your-childs-first-visit\/#mainImage"},"datePublished":"2022-03-23T15:38:04-06:00","dateModified":"2024-05-06T15:32:36-06:00"},{"@type":"WebSite","@id":"https:\/\/www.northwestpediatricdental.com\/es\/#website","url":"https:\/\/www.northwestpediatricdental.com\/es\/","name":"Northwest Pediatric Dental","alternateName":"Northwest Pediatric Dental","description":"Our dental office is devoted to serving our community and ensuring everyone has affordable access to dental care. We have several payment options available in addition to dental insurance, including Medicaid and CareCredit.","inLanguage":"es-MX","publisher":{"@id":"https:\/\/www.northwestpediatricdental.com\/es\/#organization"}}]},"og:locale":"es_MX","og:site_name":"Northwest Pediatric Dental | Our dental office is devoted to serving our community and ensuring everyone has affordable access to dental care. We have several payment options available in addition to dental insurance, including Medicaid and CareCredit.","og:type":"company","og:title":"Your Child\u2019s First Visit | Northwest Pediatric Dental","og:description":"At a first dental visit, our children\u2019s dentist will make your child feel comfortable and welcome as we work together to create healthy oral habits that last a lifetime.","og:url":"https:\/\/www.northwestpediatricdental.com\/es\/patients\/your-childs-first-visit\/","og:image":"https:\/\/www.northwestpediatricdental.com\/wp-content\/uploads\/2024\/05\/MotherDaughterandChildinGrass.jpg","og:image:secure_url":"https:\/\/www.northwestpediatricdental.com\/wp-content\/uploads\/2024\/05\/MotherDaughterandChildinGrass.jpg","og:image:width":600,"og:image:height":600,"twitter:card":"summary_large_image","twitter:title":"Your Child\u2019s First Visit | Northwest Pediatric Dental","twitter:description":"At a first dental visit, our children\u2019s dentist will make your child feel comfortable and welcome as we work together to create healthy oral habits that last a lifetime.","twitter:image":"https:\/\/www.northwestpediatricdental.com\/wp-content\/uploads\/2024\/08\/resized-northwest-pediatric-logo.webp"},"aioseo_meta_data":{"post_id":"244","title":"#post_title #separator_sa #site_title","description":null,"keywords":[],"keyphrases":{"focus":{"keyphrase":"","score":0,"analysis":{"keyphraseInTitle":{"score":0,"maxScore":9,"error":1}}},"additional":[]},"primary_term":null,"canonical_url":null,"og_title":null,"og_description":null,"og_object_type":"default","og_image_type":"default","og_image_url":null,"og_image_width":null,"og_image_height":null,"og_image_custom_url":null,"og_image_custom_fields":null,"og_video":"","og_custom_url":null,"og_article_section":null,"og_article_tags":[],"twitter_use_og":false,"twitter_card":"default","twitter_image_type":"default","twitter_image_url":null,"twitter_image_custom_url":null,"twitter_image_custom_fields":null,"twitter_title":null,"twitter_description":null,"schema":{"blockGraphs":[],"customGraphs":[],"default":{"data":{"Article":[],"Course":[],"Dataset":[],"FAQPage":[],"Movie":[],"Person":[],"Product":[],"ProductReview":[],"Car":[],"Recipe":[],"Service":[],"SoftwareApplication":[],"WebPage":{"id":"aioseo-web-page-63e5709b8f8d6","slug":"web-page","graphName":"WebPage","label":"Web Page","properties":{"type":"WebPage","name":"","description":""}}},"graphName":"WebPage","isEnabled":true},"graphs":[]},"schema_type":"default","schema_type_options":"{\"article\":{\"articleType\":\"BlogPosting\"},\"course\":{\"name\":\"\",\"description\":\"\",\"provider\":\"\"},\"faq\":{\"pages\":[]},\"product\":{\"reviews\":[]},\"recipe\":{\"ingredients\":[],\"instructions\":[],\"keywords\":[]},\"software\":{\"reviews\":[],\"operatingSystems\":[]},\"webPage\":{\"webPageType\":\"WebPage\"},\"blockGraphs\":[]}","pillar_content":false,"robots_default":true,"robots_noindex":false,"robots_noarchive":false,"robots_nosnippet":false,"robots_nofollow":false,"robots_noimageindex":false,"robots_noodp":false,"robots_notranslate":false,"robots_max_snippet":"-1","robots_max_videopreview":"-1","robots_max_imagepreview":"large","priority":null,"frequency":"default","local_seo":null,"seo_analyzer_scan_date":"2025-08-14 19:03:06","breadcrumb_settings":null,"limit_modified_date":false,"open_ai":"{\"title\":{\"suggestions\":[],\"usage\":0},\"description\":{\"suggestions\":[],\"usage\":0}}","ai":null,"created":"2022-03-23 21:38:04","updated":"2025-10-22 03:44:37"},"aioseo_breadcrumb":"<div class=\"aioseo-breadcrumbs\"><span class=\"aioseo-breadcrumb\">\n\t<a href=\"https:\/\/www.northwestpediatricdental.com\/es\" title=\"Home\">Home<\/a>\n<\/span><span class=\"aioseo-breadcrumb-separator\">&raquo;<\/span><span class=\"aioseo-breadcrumb\">\n\t<a href=\"https:\/\/www.northwestpediatricdental.com\/es\/patients\/\" title=\"Patients\">Patients<\/a>\n<\/span><span class=\"aioseo-breadcrumb-separator\">&raquo;<\/span><span class=\"aioseo-breadcrumb\">\n\tYour Child\u2019s First Visit\n<\/span><\/div>","aioseo_breadcrumb_json":[{"label":"Home","link":"https:\/\/www.northwestpediatricdental.com\/es"},{"label":"Patients","link":"https:\/\/www.northwestpediatricdental.com\/es\/patients\/"},{"label":"Your Child&#8217;s First Visit","link":"https:\/\/www.northwestpediatricdental.com\/es\/patients\/your-childs-first-visit\/"}],"_links":{"self":[{"href":"https:\/\/www.northwestpediatricdental.com\/es\/wp-json\/wp\/v2\/pages\/244","targetHints":{"allow":["GET"]}}],"collection":[{"href":"https:\/\/www.northwestpediatricdental.com\/es\/wp-json\/wp\/v2\/pages"}],"about":[{"href":"https:\/\/www.northwestpediatricdental.com\/es\/wp-json\/wp\/v2\/types\/page"}],"author":[{"embeddable":true,"href":"https:\/\/www.northwestpediatricdental.com\/es\/wp-json\/wp\/v2\/users\/2"}],"replies":[{"embeddable":true,"href":"https:\/\/www.northwestpediatricdental.com\/es\/wp-json\/wp\/v2\/comments?post=244"}],"version-history":[{"count":0,"href":"https:\/\/www.northwestpediatricdental.com\/es\/wp-json\/wp\/v2\/pages\/244\/revisions"}],"up":[{"embeddable":true,"href":"https:\/\/www.northwestpediatricdental.com\/es\/wp-json\/wp\/v2\/pages\/74"}],"wp:featuredmedia":[{"embeddable":true,"href":"https:\/\/www.northwestpediatricdental.com\/es\/wp-json\/wp\/v2\/media\/3566"}],"wp:attachment":[{"href":"https:\/\/www.northwestpediatricdental.com\/es\/wp-json\/wp\/v2\/media?parent=244"}],"curies":[{"name":"wp","href":"https:\/\/api.w.org\/{rel}","templated":true}]}}