{"id":3407,"date":"2024-04-10T13:11:16","date_gmt":"2024-04-10T19:11:16","guid":{"rendered":"https:\/\/www.northwestpediatricdental.com\/?page_id=3407"},"modified":"2024-08-07T14:50:10","modified_gmt":"2024-08-07T20:50:10","slug":"cuidado-dental-preventivo","status":"publish","type":"page","link":"https:\/\/www.northwestpediatricdental.com\/es\/services\/preventive-dental-care\/","title":{"rendered":"Cuidado dental preventivo"},"content":{"rendered":"<h2>Cuidado dental preventivo en Houston, TX<\/h2>\n<p>En \u00faltima instancia, queremos ayudar a tu hijo a evitar problemas dentales como la caries dental, enfermedades de las enc\u00edas, malos h\u00e1bitos orales y lesiones dentales. Ense\u00f1ar a los padres, cuidadores y a nuestros pacientes c\u00f3mo practicar una buena prevenci\u00f3n en casa es parte de nuestro trabajo; \u00a1por eso tambi\u00e9n es nuestra misi\u00f3n crear h\u00e1bitos saludables que duren toda la vida!<\/p>\n<blockquote>\n<h5><em> <img loading=\"lazy\" decoding=\"async\" class=\"alignnone wp-image-3764\" src=\"https:\/\/www.northwestpediatricdental.com\/wp-content\/uploads\/2024\/08\/lightbulb.png\" alt=\"\" width=\"35\" height=\"35\" \/>\u00bfSAB\u00cdAS QU\u00c9? <\/em><\/h5>\n<p>Seg\u00fan la Encuesta Nacional de Salud Oral Infantil, aproximadamente 8.6 millones de ni\u00f1os de seis a doce a\u00f1os han faltado a la escuela debido a problemas de salud oral. El Departamento de Salud y Servicios Humanos de EE. UU. tambi\u00e9n afirma que m\u00e1s de 51 millones de horas de escuela se pierden cada a\u00f1o debido a problemas dentales. \u00a1Las visitas dentales rutinarias podr\u00edan ahorrarte algunos \u201cd\u00edas de falta\u201d inesperados para tu peque\u00f1o!<\/p><\/blockquote>\n<h2>Odontolog\u00eda preventiva para beb\u00e9s y ni\u00f1os peque\u00f1os<\/h2>\n<p>Trae a tu beb\u00e9 a su primera cita dental antes de su primer cumplea\u00f1os. En esta cita, <a href=\"\/es\/servicios\/dentista-general-para-ninos\/\">dentista de tus hijos<\/a> inspeccionar\u00e1 la boca del beb\u00e9 para asegurar un buen desarrollo dental y una buena salud oral. Por favor, pregunta a nuestro dentista cualquier duda que tengas sobre c\u00f3mo cuidar bien la boca de tu beb\u00e9 en casa y entre visitas.<\/p>\n<p>Antes de que aparezca un diente, limpia la boca de tu beb\u00e9 con un trapo de toalla h\u00famedo y suave despu\u00e9s de las alimentaciones. Adem\u00e1s, mantente atento en la candidiasis oral, una infecci\u00f3n por hongos com\u00fan en los beb\u00e9s. La candidiasis se presenta como manchas blancas o rojas en los tejidos orales blandos, como la lengua y el interior de las mejillas. La infecci\u00f3n generalmente desaparece por s\u00ed sola en unos pocos d\u00edas. En algunos casos, la infecci\u00f3n persiste y causa molestias, especialmente durante la alimentaci\u00f3n.<\/p>\n<blockquote><p><em>CONSEJO: Nunca acuestes a tu beb\u00e9 con un biber\u00f3n, a menos que contenga solo agua. Los beb\u00e9s y ni\u00f1os peque\u00f1os que se duermen con un biber\u00f3n de leche o jugo pueden desarrollar una condici\u00f3n dolorosa llamada caries del biber\u00f3n. <a href=\"\/es\/servicios\/odontologia-infantil\/baby-bottle-tooth-decay\/\">caries del biber\u00f3n<\/a>.<\/em><\/p><\/blockquote>\n<p>Una vez que el primer diente de tu hijo erupcione completamente, comienza a cepillarlo con un cepillo de dientes para beb\u00e9s y pasta dental sin fl\u00faor dos veces al d\u00eda. Cuando dos dientes se desarrollen uno al lado del otro, puedes agregar el uso diario de hilo dental. \u00a1Un hilo dental prehilado lo har\u00e1 m\u00e1s sencillo!<\/p>\n<p>A los tres a\u00f1os, muchos ni\u00f1os tienen ya los 20 dientes de leche. Una vez que tu peque\u00f1o escupa la pasta de dientes, en lugar de tragarla, puedes comenzar a usar pasta de dientes con fl\u00faor. Contin\u00faa cepillando dos veces y usando hilo dental una vez al d\u00eda.<\/p>\n<h2>Prevenci\u00f3n para ni\u00f1os<\/h2>\n<p>Los ni\u00f1os deben visitarnos dos veces al a\u00f1o para un chequeo. Alrededor de los cuatro o cinco a\u00f1os, cuando los ni\u00f1os pueden permanecer quietos y soportar una limpieza dental, comenzaremos a programar limpiezas dos veces al a\u00f1o junto con los chequeos. Nuestros dentistas e higienistas responder\u00e1n todas tus preguntas sobre prevenci\u00f3n y cuidado en casa, y si se encuentran anomal\u00edas durante el chequeo de tu hijo, sugeriremos opciones de tratamiento.<\/p>\n<p>En casa, tus hijos deben cepillarse durante dos minutos completos por la ma\u00f1ana y por la noche. Adem\u00e1s, usar hilo dental antes de cepillarse por la noche ayuda a reducir el potencial de caries y enfermedades de las enc\u00edas. Aseg\u00farate de comprar un cepillo de dientes apropiado para la edad y pasta de dientes con fl\u00faor en el sabor favorito de tu hijo. El enjuague bucal para ni\u00f1os es opcional, pero reducir\u00e1 a\u00fan m\u00e1s las bacterias da\u00f1inas en la boca.<\/p>\n<p>Tambi\u00e9n ofrecemos estos servicios y productos preventivos para la prevenci\u00f3n de enfermedades y lesiones dentales:<\/p>\n<ul>\n<li><a href=\"\/es\/servicios\/cuidado-dental-preventivo\/fluor\/\">Fl\u00faor<\/a> Suplementos de fl\u00faor<\/li>\n<li><a href=\"\/es\/servicios\/cuidado-dental-preventivo\/selladores-dentales\/\">Selladores dentales<\/a><\/li>\n<li><a href=\"\/es\/servicios\/cuidado-dental-preventivo\/protectores-bucales-deportivos\/\">Protectores bucales deportivos<\/a> Protectores bucales para deportes<\/li>\n<\/ul>\n<h2>Mant\u00e9n la sonrisa de tu hijo saludable de por vida<\/h2>\n<p>La prevenci\u00f3n de caries, enfermedades de las enc\u00edas y otros problemas de salud oral depende tanto del cuidado dental profesional como de h\u00e1bitos efectivos y consistentes de higiene oral en casa. Nuestros dentistas e higienistas colaboran con los cuidadores, compartiendo consejos y herramientas para hacer que la higiene dental diaria sea f\u00e1cil y divertida. <a href=\"\/es\/contacto\/\">contacto con nosotros<\/a> nuestro consultorio en Houston hoy para programar la cita de cuidado preventivo de tu hijo!<\/p>","protected":false},"excerpt":{"rendered":"<p>La prevenci\u00f3n de caries, enfermedades de las enc\u00edas y otros problemas de salud oral en tu hijo depende tanto del cuidado dental profesional como de h\u00e1bitos de higiene consistentes en casa. <\/p>","protected":false},"author":2,"featured_media":3732,"parent":45,"menu_order":0,"comment_status":"closed","ping_status":"closed","template":"","meta":{"_et_pb_use_builder":"","_et_pb_old_content":"","_et_gb_content_width":"","_monsterinsights_skip_tracking":false,"_monsterinsights_sitenote_active":false,"_monsterinsights_sitenote_note":"","_monsterinsights_sitenote_category":0,"footnotes":""},"class_list":["post-3407","page","type-page","status-publish","has-post-thumbnail","hentry"],"aioseo_notices":[],"aioseo_head":"\n\t\t<!-- All in One SEO Pro 4.9.5.2 - aioseo.com -->\n\t<meta name=\"description\" content=\"Prevention of cavities, gum disease, and other oral health issues for your child depends upon both professional dental care and consistent home hygiene habits.\" \/>\n\t<meta name=\"robots\" content=\"max-image-preview:large\" \/>\n\t<meta name=\"google-site-verification\" content=\"tdHGrCRlrYHcIsSGXmv67bbNuEgjXfRCVT-rHzXWc60\" \/>\n\t<link rel=\"canonical\" href=\"https:\/\/www.northwestpediatricdental.com\/es\/services\/preventive-dental-care\/\" \/>\n\t<meta name=\"generator\" content=\"All in One SEO Pro (AIOSEO) 4.9.5.2\" \/>\n\t\t<meta property=\"og:locale\" content=\"es_MX\" \/>\n\t\t<meta property=\"og:site_name\" content=\"Northwest Pediatric Dental | Our dental office is devoted to serving our community and ensuring everyone has affordable access to dental care. We have several payment options available in addition to dental insurance, including Medicaid and CareCredit.\" \/>\n\t\t<meta property=\"og:type\" content=\"company\" \/>\n\t\t<meta property=\"og:title\" content=\"Preventive Dental Care in Houston | Northwest Pediatric Dental\" \/>\n\t\t<meta property=\"og:description\" content=\"Prevention of cavities, gum disease, and other oral health issues for your child depends upon both professional dental care and consistent home hygiene habits.\" \/>\n\t\t<meta property=\"og:url\" content=\"https:\/\/www.northwestpediatricdental.com\/es\/services\/preventive-dental-care\/\" \/>\n\t\t<meta property=\"og:image\" content=\"https:\/\/www.northwestpediatricdental.com\/wp-content\/uploads\/2024\/08\/GirlwithElectricToothbrush.jpg\" \/>\n\t\t<meta property=\"og:image:secure_url\" content=\"https:\/\/www.northwestpediatricdental.com\/wp-content\/uploads\/2024\/08\/GirlwithElectricToothbrush.jpg\" \/>\n\t\t<meta property=\"og:image:width\" content=\"600\" \/>\n\t\t<meta property=\"og:image:height\" content=\"600\" \/>\n\t\t<meta name=\"twitter:card\" content=\"summary_large_image\" \/>\n\t\t<meta name=\"twitter:title\" content=\"Preventive Dental Care in Houston | Northwest Pediatric Dental\" \/>\n\t\t<meta name=\"twitter:description\" content=\"Prevention of cavities, gum disease, and other oral health issues for your child depends upon both professional dental care and consistent home hygiene habits.\" \/>\n\t\t<meta name=\"twitter:image\" content=\"https:\/\/www.northwestpediatricdental.com\/wp-content\/uploads\/2024\/08\/resized-northwest-pediatric-logo.webp\" \/>\n\t\t<script type=\"application\/ld+json\" class=\"aioseo-schema\">\n\t\t\t{\"@context\":\"https:\\\/\\\/schema.org\",\"@graph\":[{\"@type\":\"BreadcrumbList\",\"@id\":\"https:\\\/\\\/www.northwestpediatricdental.com\\\/es\\\/services\\\/preventive-dental-care\\\/#breadcrumblist\",\"itemListElement\":[{\"@type\":\"ListItem\",\"@id\":\"https:\\\/\\\/www.northwestpediatricdental.com\\\/es#listItem\",\"position\":1,\"name\":\"Home\",\"item\":\"https:\\\/\\\/www.northwestpediatricdental.com\\\/es\",\"nextItem\":{\"@type\":\"ListItem\",\"@id\":\"https:\\\/\\\/www.northwestpediatricdental.com\\\/es\\\/services\\\/#listItem\",\"name\":\"Services\"}},{\"@type\":\"ListItem\",\"@id\":\"https:\\\/\\\/www.northwestpediatricdental.com\\\/es\\\/services\\\/#listItem\",\"position\":2,\"name\":\"Services\",\"item\":\"https:\\\/\\\/www.northwestpediatricdental.com\\\/es\\\/services\\\/\",\"nextItem\":{\"@type\":\"ListItem\",\"@id\":\"https:\\\/\\\/www.northwestpediatricdental.com\\\/es\\\/services\\\/preventive-dental-care\\\/#listItem\",\"name\":\"Preventive Dental Care\"},\"previousItem\":{\"@type\":\"ListItem\",\"@id\":\"https:\\\/\\\/www.northwestpediatricdental.com\\\/es#listItem\",\"name\":\"Home\"}},{\"@type\":\"ListItem\",\"@id\":\"https:\\\/\\\/www.northwestpediatricdental.com\\\/es\\\/services\\\/preventive-dental-care\\\/#listItem\",\"position\":3,\"name\":\"Preventive Dental Care\",\"previousItem\":{\"@type\":\"ListItem\",\"@id\":\"https:\\\/\\\/www.northwestpediatricdental.com\\\/es\\\/services\\\/#listItem\",\"name\":\"Services\"}}]},{\"@type\":\"Organization\",\"@id\":\"https:\\\/\\\/www.northwestpediatricdental.com\\\/es\\\/#organization\",\"name\":\"Northwest Pediatric Dental\",\"description\":\"Our dental office is devoted to serving our community and ensuring everyone has affordable access to dental care. We have several payment options available in addition to dental insurance, including Medicaid and CareCredit.\",\"url\":\"https:\\\/\\\/www.northwestpediatricdental.com\\\/es\\\/\",\"email\":\"redoakinfo@northwestpediatricdental.com\",\"telephone\":\"+12817849500\",\"logo\":{\"@type\":\"ImageObject\",\"url\":\"https:\\\/\\\/www.northwestpediatricdental.com\\\/wp-content\\\/uploads\\\/2024\\\/08\\\/resized-northwest-pediatric-logo.webp\",\"@id\":\"https:\\\/\\\/www.northwestpediatricdental.com\\\/es\\\/services\\\/preventive-dental-care\\\/#organizationLogo\",\"width\":350,\"height\":83},\"image\":{\"@id\":\"https:\\\/\\\/www.northwestpediatricdental.com\\\/es\\\/services\\\/preventive-dental-care\\\/#organizationLogo\"},\"sameAs\":[\"https:\\\/\\\/www.yelp.com\\\/biz\\\/northwest-pediatric-dental-houston-houston\"],\"address\":{\"@id\":\"https:\\\/\\\/www.northwestpediatricdental.com\\\/es\\\/#postaladdress\",\"@type\":\"PostalAddress\",\"streetAddress\":\"1125 Cypress Station Dr., Building F, Suite 3\",\"postalCode\":\"77090\",\"addressLocality\":\"Houston\",\"addressRegion\":\"Texas\",\"addressCountry\":\"US\"}},{\"@type\":\"WebPage\",\"@id\":\"https:\\\/\\\/www.northwestpediatricdental.com\\\/es\\\/services\\\/preventive-dental-care\\\/#webpage\",\"url\":\"https:\\\/\\\/www.northwestpediatricdental.com\\\/es\\\/services\\\/preventive-dental-care\\\/\",\"name\":\"Preventive Dental Care in Houston | Northwest Pediatric Dental\",\"description\":\"Prevention of cavities, gum disease, and other oral health issues for your child depends upon both professional dental care and consistent home hygiene habits.\",\"inLanguage\":\"es-MX\",\"isPartOf\":{\"@id\":\"https:\\\/\\\/www.northwestpediatricdental.com\\\/es\\\/#website\"},\"breadcrumb\":{\"@id\":\"https:\\\/\\\/www.northwestpediatricdental.com\\\/es\\\/services\\\/preventive-dental-care\\\/#breadcrumblist\"},\"image\":{\"@type\":\"ImageObject\",\"url\":\"https:\\\/\\\/www.northwestpediatricdental.com\\\/wp-content\\\/uploads\\\/2024\\\/08\\\/GirlwithElectricToothbrush.jpg\",\"@id\":\"https:\\\/\\\/www.northwestpediatricdental.com\\\/es\\\/services\\\/preventive-dental-care\\\/#mainImage\",\"width\":600,\"height\":600,\"caption\":\"Girl holding an electric toothbrush\"},\"primaryImageOfPage\":{\"@id\":\"https:\\\/\\\/www.northwestpediatricdental.com\\\/es\\\/services\\\/preventive-dental-care\\\/#mainImage\"},\"datePublished\":\"2024-04-10T13:11:16-06:00\",\"dateModified\":\"2024-08-07T14:50:10-06:00\"},{\"@type\":\"WebSite\",\"@id\":\"https:\\\/\\\/www.northwestpediatricdental.com\\\/es\\\/#website\",\"url\":\"https:\\\/\\\/www.northwestpediatricdental.com\\\/es\\\/\",\"name\":\"Northwest Pediatric Dental\",\"alternateName\":\"Northwest Pediatric Dental\",\"description\":\"Our dental office is devoted to serving our community and ensuring everyone has affordable access to dental care. We have several payment options available in addition to dental insurance, including Medicaid and CareCredit.\",\"inLanguage\":\"es-MX\",\"publisher\":{\"@id\":\"https:\\\/\\\/www.northwestpediatricdental.com\\\/es\\\/#organization\"}}]}\n\t\t<\/script>\n\t\t<!-- All in One SEO Pro -->\r\n\t\t<title>Preventive Dental Care in Houston | Northwest Pediatric Dental<\/title>\n\n","aioseo_head_json":{"title":"Cuidado dental preventivo en Houston | Northwest Pediatric Dental","description":"La prevenci\u00f3n de caries, enfermedades de las enc\u00edas y otros problemas de salud oral en tu hijo depende tanto del cuidado dental profesional como de h\u00e1bitos de higiene consistentes en casa.","canonical_url":"https:\/\/www.northwestpediatricdental.com\/es\/services\/preventive-dental-care\/","robots":"max-image-preview:large","keywords":"","webmasterTools":{"google-site-verification":"tdHGrCRlrYHcIsSGXmv67bbNuEgjXfRCVT-rHzXWc60","miscellaneous":""},"schema":{"@context":"https:\/\/schema.org","@graph":[{"@type":"BreadcrumbList","@id":"https:\/\/www.northwestpediatricdental.com\/es\/services\/preventive-dental-care\/#breadcrumblist","itemListElement":[{"@type":"ListItem","@id":"https:\/\/www.northwestpediatricdental.com\/es#listItem","position":1,"name":"Home","item":"https:\/\/www.northwestpediatricdental.com\/es","nextItem":{"@type":"ListItem","@id":"https:\/\/www.northwestpediatricdental.com\/es\/services\/#listItem","name":"Services"}},{"@type":"ListItem","@id":"https:\/\/www.northwestpediatricdental.com\/es\/services\/#listItem","position":2,"name":"Services","item":"https:\/\/www.northwestpediatricdental.com\/es\/services\/","nextItem":{"@type":"ListItem","@id":"https:\/\/www.northwestpediatricdental.com\/es\/services\/preventive-dental-care\/#listItem","name":"Preventive Dental Care"},"previousItem":{"@type":"ListItem","@id":"https:\/\/www.northwestpediatricdental.com\/es#listItem","name":"Home"}},{"@type":"ListItem","@id":"https:\/\/www.northwestpediatricdental.com\/es\/services\/preventive-dental-care\/#listItem","position":3,"name":"Preventive Dental Care","previousItem":{"@type":"ListItem","@id":"https:\/\/www.northwestpediatricdental.com\/es\/services\/#listItem","name":"Services"}}]},{"@type":"Organization","@id":"https:\/\/www.northwestpediatricdental.com\/es\/#organization","name":"Northwest Pediatric Dental","description":"Our dental office is devoted to serving our community and ensuring everyone has affordable access to dental care. We have several payment options available in addition to dental insurance, including Medicaid and CareCredit.","url":"https:\/\/www.northwestpediatricdental.com\/es\/","email":"redoakinfo@northwestpediatricdental.com","telephone":"+12817849500","logo":{"@type":"ImageObject","url":"https:\/\/www.northwestpediatricdental.com\/wp-content\/uploads\/2024\/08\/resized-northwest-pediatric-logo.webp","@id":"https:\/\/www.northwestpediatricdental.com\/es\/services\/preventive-dental-care\/#organizationLogo","width":350,"height":83},"image":{"@id":"https:\/\/www.northwestpediatricdental.com\/es\/services\/preventive-dental-care\/#organizationLogo"},"sameAs":["https:\/\/www.yelp.com\/biz\/northwest-pediatric-dental-houston-houston"],"address":{"@id":"https:\/\/www.northwestpediatricdental.com\/es\/#postaladdress","@type":"PostalAddress","streetAddress":"1125 Cypress Station Dr., Building F, Suite 3","postalCode":"77090","addressLocality":"Houston","addressRegion":"Texas","addressCountry":"US"}},{"@type":"WebPage","@id":"https:\/\/www.northwestpediatricdental.com\/es\/services\/preventive-dental-care\/#webpage","url":"https:\/\/www.northwestpediatricdental.com\/es\/services\/preventive-dental-care\/","name":"Preventive Dental Care in Houston | Northwest Pediatric Dental","description":"Prevention of cavities, gum disease, and other oral health issues for your child depends upon both professional dental care and consistent home hygiene habits.","inLanguage":"es-MX","isPartOf":{"@id":"https:\/\/www.northwestpediatricdental.com\/es\/#website"},"breadcrumb":{"@id":"https:\/\/www.northwestpediatricdental.com\/es\/services\/preventive-dental-care\/#breadcrumblist"},"image":{"@type":"ImageObject","url":"https:\/\/www.northwestpediatricdental.com\/wp-content\/uploads\/2024\/08\/GirlwithElectricToothbrush.jpg","@id":"https:\/\/www.northwestpediatricdental.com\/es\/services\/preventive-dental-care\/#mainImage","width":600,"height":600,"caption":"Girl holding an electric toothbrush"},"primaryImageOfPage":{"@id":"https:\/\/www.northwestpediatricdental.com\/es\/services\/preventive-dental-care\/#mainImage"},"datePublished":"2024-04-10T13:11:16-06:00","dateModified":"2024-08-07T14:50:10-06:00"},{"@type":"WebSite","@id":"https:\/\/www.northwestpediatricdental.com\/es\/#website","url":"https:\/\/www.northwestpediatricdental.com\/es\/","name":"Northwest Pediatric Dental","alternateName":"Northwest Pediatric Dental","description":"Our dental office is devoted to serving our community and ensuring everyone has affordable access to dental care. We have several payment options available in addition to dental insurance, including Medicaid and CareCredit.","inLanguage":"es-MX","publisher":{"@id":"https:\/\/www.northwestpediatricdental.com\/es\/#organization"}}]},"og:locale":"es_MX","og:site_name":"Northwest Pediatric Dental | Our dental office is devoted to serving our community and ensuring everyone has affordable access to dental care. We have several payment options available in addition to dental insurance, including Medicaid and CareCredit.","og:type":"company","og:title":"Preventive Dental Care in Houston | Northwest Pediatric Dental","og:description":"Prevention of cavities, gum disease, and other oral health issues for your child depends upon both professional dental care and consistent home hygiene habits.","og:url":"https:\/\/www.northwestpediatricdental.com\/es\/services\/preventive-dental-care\/","og:image":"https:\/\/www.northwestpediatricdental.com\/wp-content\/uploads\/2024\/08\/GirlwithElectricToothbrush.jpg","og:image:secure_url":"https:\/\/www.northwestpediatricdental.com\/wp-content\/uploads\/2024\/08\/GirlwithElectricToothbrush.jpg","og:image:width":600,"og:image:height":600,"twitter:card":"summary_large_image","twitter:title":"Preventive Dental Care in Houston | Northwest Pediatric Dental","twitter:description":"Prevention of cavities, gum disease, and other oral health issues for your child depends upon both professional dental care and consistent home hygiene habits.","twitter:image":"https:\/\/www.northwestpediatricdental.com\/wp-content\/uploads\/2024\/08\/resized-northwest-pediatric-logo.webp"},"aioseo_meta_data":{"post_id":"3407","title":null,"description":null,"keywords":null,"keyphrases":{"focus":{"keyphrase":"","score":0,"analysis":{"keyphraseInTitle":{"score":0,"maxScore":9,"error":1}}},"additional":[]},"primary_term":null,"canonical_url":null,"og_title":null,"og_description":null,"og_object_type":"default","og_image_type":"default","og_image_url":null,"og_image_width":null,"og_image_height":null,"og_image_custom_url":null,"og_image_custom_fields":null,"og_video":"","og_custom_url":null,"og_article_section":null,"og_article_tags":null,"twitter_use_og":false,"twitter_card":"default","twitter_image_type":"default","twitter_image_url":null,"twitter_image_custom_url":null,"twitter_image_custom_fields":null,"twitter_title":null,"twitter_description":null,"schema":{"blockGraphs":[],"customGraphs":[],"default":{"data":{"Article":[],"Course":[],"Dataset":[],"FAQPage":[],"Movie":[],"Person":[],"Product":[],"ProductReview":[],"Car":[],"Recipe":[],"Service":[],"SoftwareApplication":[],"WebPage":[]},"graphName":"WebPage","isEnabled":true},"graphs":[]},"schema_type":"default","schema_type_options":null,"pillar_content":false,"robots_default":true,"robots_noindex":false,"robots_noarchive":false,"robots_nosnippet":false,"robots_nofollow":false,"robots_noimageindex":false,"robots_noodp":false,"robots_notranslate":false,"robots_max_snippet":"-1","robots_max_videopreview":"-1","robots_max_imagepreview":"large","priority":null,"frequency":"default","local_seo":null,"seo_analyzer_scan_date":"2025-08-14 19:21:56","breadcrumb_settings":null,"limit_modified_date":false,"open_ai":"{\"title\":{\"suggestions\":[],\"usage\":0},\"description\":{\"suggestions\":[],\"usage\":0}}","ai":null,"created":"2024-04-10 19:11:16","updated":"2025-10-22 03:44:37"},"aioseo_breadcrumb":"<div class=\"aioseo-breadcrumbs\"><span class=\"aioseo-breadcrumb\">\n\t<a href=\"https:\/\/www.northwestpediatricdental.com\/es\" title=\"Home\">Home<\/a>\n<\/span><span class=\"aioseo-breadcrumb-separator\">&raquo;<\/span><span class=\"aioseo-breadcrumb\">\n\t<a href=\"https:\/\/www.northwestpediatricdental.com\/es\/services\/\" title=\"Services\">Services<\/a>\n<\/span><span class=\"aioseo-breadcrumb-separator\">&raquo;<\/span><span class=\"aioseo-breadcrumb\">\n\tPreventive Dental Care\n<\/span><\/div>","aioseo_breadcrumb_json":[{"label":"Home","link":"https:\/\/www.northwestpediatricdental.com\/es"},{"label":"Services","link":"https:\/\/www.northwestpediatricdental.com\/es\/services\/"},{"label":"Preventive Dental Care","link":"https:\/\/www.northwestpediatricdental.com\/es\/services\/preventive-dental-care\/"}],"_links":{"self":[{"href":"https:\/\/www.northwestpediatricdental.com\/es\/wp-json\/wp\/v2\/pages\/3407","targetHints":{"allow":["GET"]}}],"collection":[{"href":"https:\/\/www.northwestpediatricdental.com\/es\/wp-json\/wp\/v2\/pages"}],"about":[{"href":"https:\/\/www.northwestpediatricdental.com\/es\/wp-json\/wp\/v2\/types\/page"}],"author":[{"embeddable":true,"href":"https:\/\/www.northwestpediatricdental.com\/es\/wp-json\/wp\/v2\/users\/2"}],"replies":[{"embeddable":true,"href":"https:\/\/www.northwestpediatricdental.com\/es\/wp-json\/wp\/v2\/comments?post=3407"}],"version-history":[{"count":0,"href":"https:\/\/www.northwestpediatricdental.com\/es\/wp-json\/wp\/v2\/pages\/3407\/revisions"}],"up":[{"embeddable":true,"href":"https:\/\/www.northwestpediatricdental.com\/es\/wp-json\/wp\/v2\/pages\/45"}],"wp:featuredmedia":[{"embeddable":true,"href":"https:\/\/www.northwestpediatricdental.com\/es\/wp-json\/wp\/v2\/media\/3732"}],"wp:attachment":[{"href":"https:\/\/www.northwestpediatricdental.com\/es\/wp-json\/wp\/v2\/media?parent=3407"}],"curies":[{"name":"wp","href":"https:\/\/api.w.org\/{rel}","templated":true}]}}